{"id":12518,"date":"2024-02-12T13:49:16","date_gmt":"2024-02-12T13:49:16","guid":{"rendered":"https:\/\/studyinireland.ie\/?page_id=12518"},"modified":"2024-10-07T07:52:53","modified_gmt":"2024-10-07T06:52:53","slug":"ethos-declaration-de-mission","status":"publish","type":"page","link":"https:\/\/studyinireland.ie\/fr\/ethos-mission-statement\/","title":{"rendered":"Ethos : D\u00e9claration de mission"},"content":{"rendered":"<div class=\"wpb-content-wrapper\"><div class=\"vc_row wpb_row vc_row-fluid\"><div class=\"wpb_column vc_column_container vc_col-sm-12\"><div class=\"vc_column-inner\"><div class=\"wpb_wrapper\"><h1 style=\"text-align: left\" class=\"vc_custom_heading vc_do_custom_heading\" >Ethos : D\u00e9claration de mission<\/h1>\n\t<div class=\"wpb_text_column wpb_content_element\" >\n\t\t<div class=\"wpb_wrapper\">\n\t\t\t<blockquote>\n<p style=\"text-align: justify;\">\u00c0 l'ISI Dublin, notre objectif est d'offrir \u00e0 nos \u00e9tudiants une exp\u00e9rience d'apprentissage pr\u00e9cieuse, enrichissante et m\u00e9morable.<\/p>\n<\/blockquote>\n<p style=\"text-align: justify;\">Pour ce faire, nous proposons des cours d'anglais de qualit\u00e9, des activit\u00e9s sociales et culturelles stimulantes et une gamme de services suppl\u00e9mentaires de soutien aux \u00e9tudiants, dans un environnement scolaire confortable, s\u00fbr, inclusif et stimulant.<\/p>\n<p style=\"text-align: justify;\">Nous pensons que la cr\u00e9ation d'une communaut\u00e9 stimulante entre les \u00e9tudiants est le meilleur moyen pour eux de s'int\u00e9grer plus facilement, de se sentir chez eux et d'atteindre leurs objectifs pendant leur s\u00e9jour en Irlande.<\/p>\n<p style=\"text-align: justify;\">Nous nous effor\u00e7ons d'\u00eatre \u00e0 l'\u00e9coute de nos \u00e9tudiants et de faire en sorte que tous nos cours et services soient centr\u00e9s sur les \u00e9tudiants, afin que ceux-ci se sentent pris en charge et que nous puissions r\u00e9pondre \u00e0 leurs besoins et \u00e0 leurs attentes, voire les d\u00e9passer.<\/p>\n<p style=\"text-align: justify;\">Notre objectif est de fournir \u00e0 nos \u00e9tudiants (et\/ou aux partenaires qu'ils ont choisis) un service de tr\u00e8s haute qualit\u00e9, rapide, accessible et personnel, d\u00e8s le premier contact avec nous.<\/p>\n<p style=\"text-align: justify;\">Nous croyons en la cr\u00e9ation d'un lieu de travail sain dans lequel tous les membres de l'\u00e9cole collaborent pour prot\u00e9ger et promouvoir la sant\u00e9, la s\u00e9curit\u00e9 et le bien-\u00eatre de tous les travailleurs et \u00e9tudiants.<\/p>\n<p style=\"text-align: justify;\">Nous pensons qu'une communication positive et efficace est importante \u00e0 tous les niveaux de l'entreprise et qu'elle doit commencer par nos employ\u00e9s. C'est pourquoi nous nous effor\u00e7ons tous d'avoir une communication ouverte au sein des d\u00e9partements et entre eux, et nous nous soutenons et nous aidons activement les uns les autres. Cela a un effet positif sur la mani\u00e8re dont nous communiquons et soutenons nos \u00e9tudiants et les parties prenantes.<\/p>\n\n\t\t<\/div>\n\t<\/div>\n<\/div><\/div><\/div><\/div>\n<\/div>","protected":false},"excerpt":{"rendered":"Ethos : D\u00e9claration de mission \u00c0 l'ISI Dublin, notre objectif est d'offrir \u00e0 nos \u00e9tudiants une exp\u00e9rience d'apprentissage pr\u00e9cieuse, enrichissante et m\u00e9morable. Pour ce faire, nous proposons des cours d'anglais de qualit\u00e9, des ...","protected":false},"author":1,"featured_media":12309,"parent":0,"menu_order":0,"comment_status":"closed","ping_status":"closed","template":"","meta":{"_seopress_robots_primary_cat":"","_seopress_titles_title":"%%sitetitle%% %%sep%% %%post_title%%","_seopress_titles_desc":"ISI Dublin's goal: To offer students a valuable, rewarding, and unforgettable learning journey.","_seopress_robots_index":"","footnotes":""},"categories":[],"tags":[],"class_list":["post-12518","page","type-page","status-publish","has-post-thumbnail","hentry"],"_links":{"self":[{"href":"https:\/\/studyinireland.ie\/fr\/wp-json\/wp\/v2\/pages\/12518","targetHints":{"allow":["GET"]}}],"collection":[{"href":"https:\/\/studyinireland.ie\/fr\/wp-json\/wp\/v2\/pages"}],"about":[{"href":"https:\/\/studyinireland.ie\/fr\/wp-json\/wp\/v2\/types\/page"}],"author":[{"embeddable":true,"href":"https:\/\/studyinireland.ie\/fr\/wp-json\/wp\/v2\/users\/1"}],"replies":[{"embeddable":true,"href":"https:\/\/studyinireland.ie\/fr\/wp-json\/wp\/v2\/comments?post=12518"}],"version-history":[{"count":2,"href":"https:\/\/studyinireland.ie\/fr\/wp-json\/wp\/v2\/pages\/12518\/revisions"}],"predecessor-version":[{"id":14053,"href":"https:\/\/studyinireland.ie\/fr\/wp-json\/wp\/v2\/pages\/12518\/revisions\/14053"}],"wp:featuredmedia":[{"embeddable":true,"href":"https:\/\/studyinireland.ie\/fr\/wp-json\/wp\/v2\/media\/12309"}],"wp:attachment":[{"href":"https:\/\/studyinireland.ie\/fr\/wp-json\/wp\/v2\/media?parent=12518"}],"wp:term":[{"taxonomy":"category","embeddable":true,"href":"https:\/\/studyinireland.ie\/fr\/wp-json\/wp\/v2\/categories?post=12518"},{"taxonomy":"post_tag","embeddable":true,"href":"https:\/\/studyinireland.ie\/fr\/wp-json\/wp\/v2\/tags?post=12518"}],"curies":[{"name":"wp","href":"https:\/\/api.w.org\/{rel}","templated":true}]}}