{"id":2607,"date":"2020-03-11T10:41:34","date_gmt":"2020-03-11T10:41:34","guid":{"rendered":"https:\/\/studyinireland.us\/?page_id=2607"},"modified":"2024-10-24T11:21:48","modified_gmt":"2024-10-24T10:21:48","slug":"neden-isi-dublini-secmelisiniz","status":"publish","type":"page","link":"https:\/\/studyinireland.ie\/tr\/why-choose-isi-dublin\/","title":{"rendered":"Neden ISI Dublin'i Se\u00e7melisiniz?"},"content":{"rendered":"<div class=\"wpb-content-wrapper\"><div class=\"vc_row wpb_row vc_row-fluid\"><div class=\"wpb_column vc_column_container vc_col-sm-12\"><div class=\"vc_column-inner\"><div class=\"wpb_wrapper\"><h1 style=\"text-align: left\" class=\"vc_custom_heading vc_do_custom_heading\" >Neden ISI Dublin'i Se\u00e7melisiniz?<\/h1>\n\t<div class=\"wpb_text_column wpb_content_element\" >\n\t\t<div class=\"wpb_wrapper\">\n\t\t\t<blockquote>\n<p style=\"text-align: justify;\">ISI'da yapt\u0131\u011f\u0131m\u0131z i\u015fi seviyoruz. Biz sadece ders vermiyoruz, size en iyi akademik programlar\u0131 y\u00fcksek kaliteli konaklama, heyecan verici bir sosyal program, harika ak\u015fam etkinlikleri ve macera dolu hafta sonu gezileriyle birle\u015ftiren eksiksiz bir paket sunuyoruz.<\/p>\n<\/blockquote>\n\n\t\t<\/div>\n\t<\/div>\n\n\t<div class=\"wpb_text_column wpb_content_element\" >\n\t\t<div class=\"wpb_wrapper\">\n\t\t\t<h2 style=\"text-align: justify;\">\u00d6d\u00fcll\u00fc Okul<\/h2>\n<p style=\"text-align: justify;\"><img loading=\"lazy\" decoding=\"async\" class=\"aligncenter wp-image-8412 size-full\" src=\"https:\/\/studyinireland.ie\/wp-content\/uploads\/2021\/09\/Star-Awards.png\" alt=\"\" width=\"850\" height=\"180\" srcset=\"https:\/\/studyinireland.ie\/wp-content\/uploads\/2021\/09\/Star-Awards.png 850w, https:\/\/studyinireland.ie\/wp-content\/uploads\/2021\/09\/Star-Awards-300x64.png 300w, https:\/\/studyinireland.ie\/wp-content\/uploads\/2021\/09\/Star-Awards-768x163.png 768w\" sizes=\"auto, (max-width: 850px) 100vw, 850px\" \/><\/p>\n<p style=\"text-align: justify;\">Akademik m\u00fckemmellik, yapt\u0131\u011f\u0131m\u0131z i\u015fin merkezinde yer almaktad\u0131r. ISI Dublin ayn\u0131 zamanda 2014, 2016, 2018 ve 2020\/21 y\u0131llar\u0131nda olmak \u00fczere toplam d\u00f6rt kez Study Travel Star \u0130ngilizce Dil Okulu Avrupa \u00d6d\u00fcl\u00fc'n\u00fc kazanm\u0131\u015f ve 2024 y\u0131l\u0131nda Finalist olmu\u015ftur. 2022 ve 2023 y\u0131llar\u0131nda \u0130rlanda'daki En \u0130yi \u0130ngilizce Dil Okulu i\u00e7in Irish Enterprise \u00d6d\u00fcl\u00fc'n\u00fc kazanm\u0131\u015ft\u0131r. Okullar, \u0130ngilizce dil e\u011fitimi i\u00e7in Kalite ve Yeterlilik \u0130rlanda'n\u0131n bir hizmeti olan ACELS taraf\u0131ndan tan\u0131nmaktad\u0131r. Ayr\u0131ca Trinity College London ISE S\u0131navlar\u0131 i\u00e7in resmi bir s\u0131nav merkeziyiz ve IELTS dahil Cambridge S\u0131navlar\u0131 ve Dil Sertifikas\u0131 s\u0131navlar\u0131 i\u00e7in tan\u0131nm\u0131\u015f bir s\u0131nav haz\u0131rl\u0131k merkeziyiz.<\/p>\n<h2 style=\"text-align: justify;\">K\u00fc\u00e7\u00fck Gruplar<\/h2>\n<p style=\"text-align: justify;\">ISI'da ortalama s\u0131n\u0131f mevcudu 13 \u00f6\u011frencidir. Bu, \u00f6\u011fretmenlerin bireysel \u00f6\u011frencilerin ihtiya\u00e7lar\u0131na daha fazla odaklanabilece\u011fi ve ders planlar\u0131n\u0131 ihtiya\u00e7lar\u0131na g\u00f6re uyarlayabilece\u011fi anlam\u0131na gelir.<\/p>\n<h2 style=\"text-align: justify;\">Bireysel De\u011ferlendirme<\/h2>\n<p style=\"text-align: justify;\">T\u00fcm \u00f6\u011frenciler rezervasyon s\u0131ras\u0131nda \u00e7evrimi\u00e7i bir testle, yine var\u0131\u015fta bir konu\u015fma testiyle ve her Cuma s\u0131n\u0131f testiyle bireysel olarak de\u011ferlendirilir. \u00d6\u011frencilerin do\u011fru seviyede e\u011fitim ald\u0131klar\u0131ndan emin olmak i\u00e7in ilerlemeleri haftal\u0131k olarak kaydedilir. Bir \u00f6\u011frenci kendi seviyesindeki t\u00fcm g\u00f6revleri belirli bir yeterlilikle tamamlayabildi\u011finde, bir \u00e7\u0131k\u0131\u015f seviyesi s\u0131nav\u0131n\u0131 ba\u015far\u0131yla tamamlayarak bir sonraki seviyeye ge\u00e7ebilir.<\/p>\n<h2 style=\"text-align: justify;\">Milliyet Karmas\u0131<\/h2>\n<p style=\"text-align: justify;\">ISI, herhangi bir zamanda okulda okuyan 40 farkl\u0131 milletten \u00f6\u011frenci ile \u00e7ok iyi bir milliyet kar\u0131\u015f\u0131m\u0131 sunmaktad\u0131r. Bu, \u00f6\u011frencilerin \u0130ngilizcelerini di\u011fer \u00fclkelerden gelen \u00f6\u011frencilerle pratik yapmalar\u0131n\u0131 sa\u011flar. En iyi milliyet kar\u0131\u015f\u0131m\u0131n\u0131n sabah s\u0131n\u0131flar\u0131nda oldu\u011fu unutulmamal\u0131d\u0131r - \u00f6\u011fleden sonra s\u0131n\u0131flar\u0131nda genellikle daha az milliyet vard\u0131r.<\/p>\n<h2 style=\"text-align: justify;\">\u015eehir merkezinde konum<\/h2>\n<p style=\"text-align: justify;\">T\u00fcm binalar\u0131m\u0131z \u015fehir merkezinde, O'Connell Caddesi, Temple Bar ve Trinity College'a 5 dakikal\u0131k y\u00fcr\u00fcme mesafesinde yer almaktad\u0131r.<\/p>\n<h2 style=\"text-align: justify;\">G\u00fczel tesisler<\/h2>\n<p>ISI Dublin'de, \u00f6\u011frenme alan\u0131n\u0131z\u0131n g\u00fczel ve ilham verici bir alan olmas\u0131 gerekti\u011fine inan\u0131yoruz. ISI Dublin, g\u00fczel bir \u015fekilde dekore edilmi\u015f binalarda m\u00fckemmel olanaklar sunan y\u0131l boyunca iki merkez i\u015fletmektedir. <a href=\"https:\/\/studyinireland.ie\/tr\/fotograf-galerisi\/\">Daha fazla g\u00f6r\u00fcnt\u00fcle<\/a><\/p>\n<h2 style=\"text-align: justify;\">Y\u0131l boyunca sosyal program<\/h2>\n<p>Sosyal program\u0131n ISI Dublin \u00f6\u011frenci deneyiminin \u00f6nemli bir par\u00e7as\u0131 oldu\u011funa inan\u0131yoruz. Bu nedenle, \u00f6\u011frencilerimiz i\u00e7in \u00e7ok \u00e7e\u015fitli heyecan verici ve ilham verici etkinlikler d\u00fczenlemekten sorumlu, arkada\u015f canl\u0131s\u0131 ve hevesli sosyal program koordinat\u00f6rlerinden olu\u015fan bir ekip istihdam ediyoruz. <a href=\"https:\/\/studyinireland.ie\/tr\/sosyal-program\/\">Daha fazlas\u0131n\u0131 g\u00f6r.<\/a><\/p>\n<h2 style=\"text-align: justify;\">Paran\u0131z\u0131n kar\u015f\u0131l\u0131\u011f\u0131<\/h2>\n<p style=\"text-align: justify;\">Her b\u00fct\u00e7eye uygun kurslar sunan orta fiyatl\u0131 bir okuluz. Daha d\u00fc\u015f\u00fck b\u00fct\u00e7eye sahip olanlar, \u00f6\u011fleden sonra e\u011fitim alarak 20%'ye varan indirimden yararlanabilirler.<\/p>\n<h2 style=\"text-align: justify;\">Yenilik\u00e7i Yakla\u015f\u0131m<\/h2>\n<p style=\"text-align: justify;\">ISI, \u00f6\u011frencilerin 'ger\u00e7ek hayatta' ileti\u015fim kurmak i\u00e7in ihtiya\u00e7 duyduklar\u0131 dili \u00f6\u011fretir ve bu nedenle yenilik\u00e7i ve ileti\u015fimsel bir yakla\u015f\u0131m kullan\u0131r\u0131z. Temel bir ders kitab\u0131 olsa da, \u00f6\u011fretmenler ayr\u0131ca dergiler, men\u00fcler, reklamlar gibi 'ger\u00e7ek hayat' materyallerinin yan\u0131 s\u0131ra YouTube videolar\u0131, \u015fark\u0131lar ve e\u011fitim yaz\u0131l\u0131mlar\u0131 gibi internet tabanl\u0131 kaynaklar\u0131n kullan\u0131m\u0131n\u0131 da dahil etmektedir.<\/p>\n<h2 style=\"text-align: justify;\">Y\u00fcksek kaliteli \u00f6\u011fretim<\/h2>\n<p style=\"text-align: justify;\">T\u00fcm \u00f6\u011fretmenlerimiz, devlet taraf\u0131ndan tan\u0131nan bir \u00f6\u011fretmenlik yeterlili\u011fine sahip \u00fcniversite mezunudur. \u00c7o\u011funun \u0130rlanda'da ve yurt d\u0131\u015f\u0131nda birka\u00e7 y\u0131ll\u0131k \u00f6\u011fretmenlik deneyimi vard\u0131r. Akademik Y\u00f6netim ekibimiz, \u00f6\u011fretmen g\u00f6zlemleri, haftal\u0131k \u00f6\u011fretmen toplant\u0131lar\u0131 ve \u00f6\u011fretmenlerin fikirlerini payla\u015f\u0131p yeni beceriler geli\u015ftirebildikleri d\u00fczenli \u00f6\u011fretmen e\u011fitimi at\u00f6lyeleri arac\u0131l\u0131\u011f\u0131yla \u00f6\u011fretim standartlar\u0131n\u0131 izler.<\/p>\n<h2 style=\"text-align: justify;\">Teknoloji<\/h2>\n<p style=\"text-align: justify;\">\u00d6\u011frencilerimiz, \u00f6\u011frenme s\u00fcrecinde kendilerine yard\u0131mc\u0131 olacak en iyi teknolojiyi hak etmektedir. T\u00fcm s\u0131n\u0131flar\u0131m\u0131zda Etkile\u015fimli Dijital Beyaz Tahtalar veya bilgisayarlar kullan\u0131lmakta olup ders kitaplar\u0131m\u0131z\u0131n yaz\u0131l\u0131m ve bir dizi \u00e7evrimi\u00e7i kaynakla etkile\u015fime girmesine olanak sa\u011flamaktad\u0131r. \u00d6\u011frencilerin Skype, FaceTime ve di\u011fer sosyal medya ara\u00e7lar\u0131n\u0131 kullanarak evlerindeki aileleriyle ileti\u015fim kurabilmeleri i\u00e7in hem merkezlerimizde hem de bilgisayar odalar\u0131m\u0131zda web kameralar\u0131yla birlikte g\u00fc\u00e7l\u00fc WiFi a\u011f\u0131m\u0131z bulunmaktad\u0131r.<\/p>\n<h2 style=\"text-align: justify;\">\u00d6\u011frenci Kafeleri<\/h2>\n<p style=\"text-align: justify;\">Her iki merkezdeki kafelerimiz y\u00fcksek kaliteyi \u00e7ok uygun bir fiyata sunmaktad\u0131r. Mola zamanlar\u0131nda s\u0131cak ve so\u011fuk i\u00e7eceklerin yan\u0131 s\u0131ra her zevke ve b\u00fct\u00e7eye uygun sandvi\u00e7ler, kekler ve at\u0131\u015ft\u0131rmal\u0131klar sunuyoruz. \u00d6\u011frenciler \u00f6\u011fle yemeklerini Dublin'deki en iyi de\u011feri sunan 3,50 \u20ac 'nun alt\u0131nda bir fiyata sat\u0131n alabilirler.<\/p>\n\n\t\t<\/div>\n\t<\/div>\n<\/div><\/div><\/div><\/div>\n<\/div>","protected":false},"excerpt":{"rendered":"Neden ISI Dublin'i Se\u00e7melisiniz? ISI'da yapt\u0131\u011f\u0131m\u0131z i\u015fi seviyoruz. Sadece kurs vermiyoruz, size en iyi akademik programlar\u0131 y\u00fcksek kaliteli konaklama ile birle\u015ftiren eksiksiz bir paket sunuyoruz, ...","protected":false},"author":1,"featured_media":2874,"parent":0,"menu_order":0,"comment_status":"closed","ping_status":"closed","template":"template-fullwidth.php","meta":{"_seopress_robots_primary_cat":"","_seopress_titles_title":"","_seopress_titles_desc":"","_seopress_robots_index":"","footnotes":""},"categories":[],"tags":[],"class_list":["post-2607","page","type-page","status-publish","has-post-thumbnail","hentry"],"_links":{"self":[{"href":"https:\/\/studyinireland.ie\/tr\/wp-json\/wp\/v2\/pages\/2607","targetHints":{"allow":["GET"]}}],"collection":[{"href":"https:\/\/studyinireland.ie\/tr\/wp-json\/wp\/v2\/pages"}],"about":[{"href":"https:\/\/studyinireland.ie\/tr\/wp-json\/wp\/v2\/types\/page"}],"author":[{"embeddable":true,"href":"https:\/\/studyinireland.ie\/tr\/wp-json\/wp\/v2\/users\/1"}],"replies":[{"embeddable":true,"href":"https:\/\/studyinireland.ie\/tr\/wp-json\/wp\/v2\/comments?post=2607"}],"version-history":[{"count":36,"href":"https:\/\/studyinireland.ie\/tr\/wp-json\/wp\/v2\/pages\/2607\/revisions"}],"predecessor-version":[{"id":14240,"href":"https:\/\/studyinireland.ie\/tr\/wp-json\/wp\/v2\/pages\/2607\/revisions\/14240"}],"wp:featuredmedia":[{"embeddable":true,"href":"https:\/\/studyinireland.ie\/tr\/wp-json\/wp\/v2\/media\/2874"}],"wp:attachment":[{"href":"https:\/\/studyinireland.ie\/tr\/wp-json\/wp\/v2\/media?parent=2607"}],"wp:term":[{"taxonomy":"category","embeddable":true,"href":"https:\/\/studyinireland.ie\/tr\/wp-json\/wp\/v2\/categories?post=2607"},{"taxonomy":"post_tag","embeddable":true,"href":"https:\/\/studyinireland.ie\/tr\/wp-json\/wp\/v2\/tags?post=2607"}],"curies":[{"name":"wp","href":"https:\/\/api.w.org\/{rel}","templated":true}]}}